{"id":272,"date":"2016-03-14T15:48:28","date_gmt":"2016-03-14T15:48:28","guid":{"rendered":"http:\/\/opalutz.de\/wordpress\/?page_id=272"},"modified":"2016-06-27T16:58:17","modified_gmt":"2016-06-27T16:58:17","slug":"ansichtskarten","status":"publish","type":"page","link":"https:\/\/opalutz.de\/wordpress\/ansichtskarten\/","title":{"rendered":"Ansichtskarten"},"content":{"rendered":"<p>Hallo Leute,<\/p>\n<p>habe gerade alle Ansichtskarten aus meinem Fundus eingescannt und stelle die nun mal so allm\u00e4hlich\u00a0kommentarlos online.\u00a0Dann\u00a0erg\u00e4nze ich so nach und nach die Informationen bzgl. Jahr, Ausrichtung, Inhalt etc. Rom ist auch nicht an einem Tag gebaut worden.<\/p>\n<p><strong>23.03.2016:<\/strong>\u00a0 Die neueste Errungenschaft ist eingetroffen. Die alte Stra\u00dfenansicht<br \/>\nmit &#8222;Bouchb\u00e4nnersch Haus&#8220;, dem Pfarrhaus und einer Dorfansicht von der Viehweide (heutiger Fu\u00dfballplatz) sowie Wilhelm-Albrecht-Denkmal.\u00a0Die Karte ist echt gelaufen und 1918 abgestempelt, gut zwei Monate vor dem Ende des ersten Weltkrieges.<\/p>\n<p>Die R\u00fcckseite der Karte hat Axel G\u00f6bel freundlicherweise \u00fcbersetzt. Den Text f\u00fcge<br \/>\nich nach dem entsprechenden Bild ein. Dann habe ich diesen Text mal in fein<br \/>\ns\u00e4uberliches S\u00fctterlin umgewandelt. Auch das Ergebnis wird abgebildet.<\/p>\n<p>Die Karte ist an einen Gefreiten Paul Friedrich adressiert,<br \/>\nGarde-Artillerie-Kommandeur 2. Meinen Recherchen nach in Potsdam.<\/p>\n<p><img loading=\"lazy\" decoding=\"async\" class=\"alignnone size-full wp-image-342\" src=\"https:\/\/opalutz.de\/wordpress\/wp-content\/uploads\/2016\/03\/Hauptstra\u00dfe-mit-Buchbinderei-M\u00fcller.jpg\" alt=\"Hauptstra\u00dfe mit Buchbinderei M\u00fcller\" width=\"800\" height=\"494\" srcset=\"https:\/\/opalutz.de\/wordpress\/wp-content\/uploads\/2016\/03\/Hauptstra\u00dfe-mit-Buchbinderei-M\u00fcller.jpg 800w, https:\/\/opalutz.de\/wordpress\/wp-content\/uploads\/2016\/03\/Hauptstra\u00dfe-mit-Buchbinderei-M\u00fcller-300x185.jpg 300w, https:\/\/opalutz.de\/wordpress\/wp-content\/uploads\/2016\/03\/Hauptstra\u00dfe-mit-Buchbinderei-M\u00fcller-768x474.jpg 768w, https:\/\/opalutz.de\/wordpress\/wp-content\/uploads\/2016\/03\/Hauptstra\u00dfe-mit-Buchbinderei-M\u00fcller-486x300.jpg 486w, https:\/\/opalutz.de\/wordpress\/wp-content\/uploads\/2016\/03\/Hauptstra\u00dfe-mit-Buchbinderei-M\u00fcller-500x309.jpg 500w\" sizes=\"auto, (max-width: 800px) 100vw, 800px\" \/><\/p>\n<p><img loading=\"lazy\" decoding=\"async\" class=\"alignnone size-full wp-image-341\" src=\"https:\/\/opalutz.de\/wordpress\/wp-content\/uploads\/2016\/03\/Hauptstra\u00dfe-mit-Buchbinderei-M\u00fcller-R\u00fcckseite.jpg\" alt=\"Hauptstra\u00dfe mit Buchbinderei M\u00fcller R\u00fcckseite\" width=\"800\" height=\"495\" srcset=\"https:\/\/opalutz.de\/wordpress\/wp-content\/uploads\/2016\/03\/Hauptstra\u00dfe-mit-Buchbinderei-M\u00fcller-R\u00fcckseite.jpg 800w, https:\/\/opalutz.de\/wordpress\/wp-content\/uploads\/2016\/03\/Hauptstra\u00dfe-mit-Buchbinderei-M\u00fcller-R\u00fcckseite-300x186.jpg 300w, https:\/\/opalutz.de\/wordpress\/wp-content\/uploads\/2016\/03\/Hauptstra\u00dfe-mit-Buchbinderei-M\u00fcller-R\u00fcckseite-768x475.jpg 768w, https:\/\/opalutz.de\/wordpress\/wp-content\/uploads\/2016\/03\/Hauptstra\u00dfe-mit-Buchbinderei-M\u00fcller-R\u00fcckseite-485x300.jpg 485w, https:\/\/opalutz.de\/wordpress\/wp-content\/uploads\/2016\/03\/Hauptstra\u00dfe-mit-Buchbinderei-M\u00fcller-R\u00fcckseite-500x309.jpg 500w\" sizes=\"auto, (max-width: 800px) 100vw, 800px\" \/><\/p>\n<p><img loading=\"lazy\" decoding=\"async\" class=\"alignnone size-full wp-image-356\" src=\"https:\/\/opalutz.de\/wordpress\/wp-content\/uploads\/2016\/03\/Text-auf-der-Karte-von-1918.jpg\" alt=\"Text auf der Karte von 1918\" width=\"800\" height=\"704\" srcset=\"https:\/\/opalutz.de\/wordpress\/wp-content\/uploads\/2016\/03\/Text-auf-der-Karte-von-1918.jpg 800w, https:\/\/opalutz.de\/wordpress\/wp-content\/uploads\/2016\/03\/Text-auf-der-Karte-von-1918-300x264.jpg 300w, https:\/\/opalutz.de\/wordpress\/wp-content\/uploads\/2016\/03\/Text-auf-der-Karte-von-1918-768x676.jpg 768w, https:\/\/opalutz.de\/wordpress\/wp-content\/uploads\/2016\/03\/Text-auf-der-Karte-von-1918-341x300.jpg 341w, https:\/\/opalutz.de\/wordpress\/wp-content\/uploads\/2016\/03\/Text-auf-der-Karte-von-1918-500x440.jpg 500w\" sizes=\"auto, (max-width: 800px) 100vw, 800px\" \/><\/p>\n<p><img loading=\"lazy\" decoding=\"async\" class=\"alignnone size-full wp-image-357\" src=\"https:\/\/opalutz.de\/wordpress\/wp-content\/uploads\/2016\/03\/Text-auf-der-Karte-von-1918-S\u00fctterlin.jpg\" alt=\"Text auf der Karte von 1918 S\u00fctterlin\" width=\"800\" height=\"598\" srcset=\"https:\/\/opalutz.de\/wordpress\/wp-content\/uploads\/2016\/03\/Text-auf-der-Karte-von-1918-S\u00fctterlin.jpg 800w, https:\/\/opalutz.de\/wordpress\/wp-content\/uploads\/2016\/03\/Text-auf-der-Karte-von-1918-S\u00fctterlin-300x224.jpg 300w, https:\/\/opalutz.de\/wordpress\/wp-content\/uploads\/2016\/03\/Text-auf-der-Karte-von-1918-S\u00fctterlin-768x574.jpg 768w, https:\/\/opalutz.de\/wordpress\/wp-content\/uploads\/2016\/03\/Text-auf-der-Karte-von-1918-S\u00fctterlin-401x300.jpg 401w, https:\/\/opalutz.de\/wordpress\/wp-content\/uploads\/2016\/03\/Text-auf-der-Karte-von-1918-S\u00fctterlin-500x374.jpg 500w\" sizes=\"auto, (max-width: 800px) 100vw, 800px\" \/><\/p>\n<p><img loading=\"lazy\" decoding=\"async\" class=\"alignnone size-full wp-image-339\" src=\"https:\/\/opalutz.de\/wordpress\/wp-content\/uploads\/2016\/03\/Grimms-Laden-mit-Kriegerdenkmal-und-Ortsansicht-N\u00f6rr-e1458676398590.jpg\" alt=\"Grimms Laden mit Kriegerdenkmal und Ortsansicht N\u00f6rr\" width=\"800\" height=\"533\" \/><\/p>\n<p><a href=\"https:\/\/opalutz.de\/wordpress\/ansichtskarten\/karte-um-1900\/\"><img loading=\"lazy\" decoding=\"async\" class=\"aligncenter wp-image-282\" src=\"https:\/\/opalutz.de\/wordpress\/wp-content\/uploads\/2016\/03\/Karte-um-1900.jpg\" alt=\"Karte um 1900\" width=\"1000\" height=\"666\" \/><\/a><\/p>\n<p><img loading=\"lazy\" decoding=\"async\" class=\"alignnone size-full wp-image-284\" src=\"https:\/\/opalutz.de\/wordpress\/wp-content\/uploads\/2016\/03\/RAD-Lager-Hannelore-Neeb.jpg\" alt=\"RAD-Lager Hannelore Neeb\" width=\"800\" height=\"533\" srcset=\"https:\/\/opalutz.de\/wordpress\/wp-content\/uploads\/2016\/03\/RAD-Lager-Hannelore-Neeb.jpg 800w, https:\/\/opalutz.de\/wordpress\/wp-content\/uploads\/2016\/03\/RAD-Lager-Hannelore-Neeb-300x200.jpg 300w, https:\/\/opalutz.de\/wordpress\/wp-content\/uploads\/2016\/03\/RAD-Lager-Hannelore-Neeb-768x512.jpg 768w, https:\/\/opalutz.de\/wordpress\/wp-content\/uploads\/2016\/03\/RAD-Lager-Hannelore-Neeb-450x300.jpg 450w, https:\/\/opalutz.de\/wordpress\/wp-content\/uploads\/2016\/03\/RAD-Lager-Hannelore-Neeb-500x333.jpg 500w\" sizes=\"auto, (max-width: 800px) 100vw, 800px\" \/><\/p>\n<p><img loading=\"lazy\" decoding=\"async\" class=\"alignnone size-full wp-image-283\" src=\"https:\/\/opalutz.de\/wordpress\/wp-content\/uploads\/2016\/03\/RAD-Lager-1937.jpg\" alt=\"RAD-Lager 1937\" width=\"800\" height=\"533\" srcset=\"https:\/\/opalutz.de\/wordpress\/wp-content\/uploads\/2016\/03\/RAD-Lager-1937.jpg 800w, https:\/\/opalutz.de\/wordpress\/wp-content\/uploads\/2016\/03\/RAD-Lager-1937-300x200.jpg 300w, https:\/\/opalutz.de\/wordpress\/wp-content\/uploads\/2016\/03\/RAD-Lager-1937-768x512.jpg 768w, https:\/\/opalutz.de\/wordpress\/wp-content\/uploads\/2016\/03\/RAD-Lager-1937-450x300.jpg 450w, https:\/\/opalutz.de\/wordpress\/wp-content\/uploads\/2016\/03\/RAD-Lager-1937-500x333.jpg 500w\" sizes=\"auto, (max-width: 800px) 100vw, 800px\" \/><\/p>\n<p><img loading=\"lazy\" decoding=\"async\" class=\"alignnone size-full wp-image-281\" src=\"https:\/\/opalutz.de\/wordpress\/wp-content\/uploads\/2016\/03\/Karte-mit-Weiher-um-1929.jpg\" alt=\"Karte mit Weiher um 1929\" width=\"800\" height=\"533\" srcset=\"https:\/\/opalutz.de\/wordpress\/wp-content\/uploads\/2016\/03\/Karte-mit-Weiher-um-1929.jpg 800w, https:\/\/opalutz.de\/wordpress\/wp-content\/uploads\/2016\/03\/Karte-mit-Weiher-um-1929-300x200.jpg 300w, https:\/\/opalutz.de\/wordpress\/wp-content\/uploads\/2016\/03\/Karte-mit-Weiher-um-1929-768x512.jpg 768w, https:\/\/opalutz.de\/wordpress\/wp-content\/uploads\/2016\/03\/Karte-mit-Weiher-um-1929-450x300.jpg 450w, https:\/\/opalutz.de\/wordpress\/wp-content\/uploads\/2016\/03\/Karte-mit-Weiher-um-1929-500x333.jpg 500w\" sizes=\"auto, (max-width: 800px) 100vw, 800px\" \/><\/p>\n<p><img loading=\"lazy\" decoding=\"async\" class=\"alignnone wp-image-329 size-full\" src=\"https:\/\/opalutz.de\/wordpress\/wp-content\/uploads\/2016\/03\/Karte-2-HotteLommel.jpg\" alt=\"Karte 2 HotteLommel\" width=\"800\" height=\"533\" srcset=\"https:\/\/opalutz.de\/wordpress\/wp-content\/uploads\/2016\/03\/Karte-2-HotteLommel.jpg 800w, https:\/\/opalutz.de\/wordpress\/wp-content\/uploads\/2016\/03\/Karte-2-HotteLommel-300x200.jpg 300w, https:\/\/opalutz.de\/wordpress\/wp-content\/uploads\/2016\/03\/Karte-2-HotteLommel-768x512.jpg 768w, https:\/\/opalutz.de\/wordpress\/wp-content\/uploads\/2016\/03\/Karte-2-HotteLommel-450x300.jpg 450w, https:\/\/opalutz.de\/wordpress\/wp-content\/uploads\/2016\/03\/Karte-2-HotteLommel-500x333.jpg 500w\" sizes=\"auto, (max-width: 800px) 100vw, 800px\" \/><img loading=\"lazy\" decoding=\"async\" class=\"alignnone size-full wp-image-328\" src=\"https:\/\/opalutz.de\/wordpress\/wp-content\/uploads\/2016\/03\/Karte-1-HotteLommel.jpg\" alt=\"Karte 1 HotteLommel\" width=\"800\" height=\"533\" srcset=\"https:\/\/opalutz.de\/wordpress\/wp-content\/uploads\/2016\/03\/Karte-1-HotteLommel.jpg 800w, https:\/\/opalutz.de\/wordpress\/wp-content\/uploads\/2016\/03\/Karte-1-HotteLommel-300x200.jpg 300w, https:\/\/opalutz.de\/wordpress\/wp-content\/uploads\/2016\/03\/Karte-1-HotteLommel-768x512.jpg 768w, https:\/\/opalutz.de\/wordpress\/wp-content\/uploads\/2016\/03\/Karte-1-HotteLommel-450x300.jpg 450w, https:\/\/opalutz.de\/wordpress\/wp-content\/uploads\/2016\/03\/Karte-1-HotteLommel-500x333.jpg 500w\" sizes=\"auto, (max-width: 800px) 100vw, 800px\" \/><img loading=\"lazy\" decoding=\"async\" class=\"alignnone size-full wp-image-327\" src=\"https:\/\/opalutz.de\/wordpress\/wp-content\/uploads\/2016\/03\/Grimms-Laden-Karte-farbig.jpg\" alt=\"Grimms Laden Karte farbig\" width=\"800\" height=\"533\" srcset=\"https:\/\/opalutz.de\/wordpress\/wp-content\/uploads\/2016\/03\/Grimms-Laden-Karte-farbig.jpg 800w, https:\/\/opalutz.de\/wordpress\/wp-content\/uploads\/2016\/03\/Grimms-Laden-Karte-farbig-300x200.jpg 300w, https:\/\/opalutz.de\/wordpress\/wp-content\/uploads\/2016\/03\/Grimms-Laden-Karte-farbig-768x512.jpg 768w, https:\/\/opalutz.de\/wordpress\/wp-content\/uploads\/2016\/03\/Grimms-Laden-Karte-farbig-450x300.jpg 450w, https:\/\/opalutz.de\/wordpress\/wp-content\/uploads\/2016\/03\/Grimms-Laden-Karte-farbig-500x333.jpg 500w\" sizes=\"auto, (max-width: 800px) 100vw, 800px\" \/><img loading=\"lazy\" decoding=\"async\" class=\"alignnone size-full wp-image-326\" src=\"https:\/\/opalutz.de\/wordpress\/wp-content\/uploads\/2016\/03\/Grimms-Laden-Karte-1911.jpg\" alt=\"Grimms Laden Karte 1911\" width=\"800\" height=\"533\" srcset=\"https:\/\/opalutz.de\/wordpress\/wp-content\/uploads\/2016\/03\/Grimms-Laden-Karte-1911.jpg 800w, https:\/\/opalutz.de\/wordpress\/wp-content\/uploads\/2016\/03\/Grimms-Laden-Karte-1911-300x200.jpg 300w, https:\/\/opalutz.de\/wordpress\/wp-content\/uploads\/2016\/03\/Grimms-Laden-Karte-1911-768x512.jpg 768w, https:\/\/opalutz.de\/wordpress\/wp-content\/uploads\/2016\/03\/Grimms-Laden-Karte-1911-450x300.jpg 450w, https:\/\/opalutz.de\/wordpress\/wp-content\/uploads\/2016\/03\/Grimms-Laden-Karte-1911-500x333.jpg 500w\" sizes=\"auto, (max-width: 800px) 100vw, 800px\" \/><\/p>\n","protected":false},"excerpt":{"rendered":"<p>Hallo Leute, habe gerade alle Ansichtskarten aus meinem Fundus eingescannt und stelle die nun mal so allm\u00e4hlich\u00a0kommentarlos online.\u00a0Dann\u00a0erg\u00e4nze ich so nach und nach die Informationen bzgl. Jahr, Ausrichtung, Inhalt etc. Rom ist auch nicht an einem Tag gebaut worden. 23.03.2016:\u00a0 &hellip; <a href=\"https:\/\/opalutz.de\/wordpress\/ansichtskarten\/\">Weiterlesen <span class=\"meta-nav\">&rarr;<\/span><\/a><\/p>\n","protected":false},"author":3,"featured_media":453,"parent":0,"menu_order":0,"comment_status":"closed","ping_status":"closed","template":"","meta":{"footnotes":""},"class_list":["post-272","page","type-page","status-publish","has-post-thumbnail","hentry"],"_links":{"self":[{"href":"https:\/\/opalutz.de\/wordpress\/wp-json\/wp\/v2\/pages\/272","targetHints":{"allow":["GET"]}}],"collection":[{"href":"https:\/\/opalutz.de\/wordpress\/wp-json\/wp\/v2\/pages"}],"about":[{"href":"https:\/\/opalutz.de\/wordpress\/wp-json\/wp\/v2\/types\/page"}],"author":[{"embeddable":true,"href":"https:\/\/opalutz.de\/wordpress\/wp-json\/wp\/v2\/users\/3"}],"replies":[{"embeddable":true,"href":"https:\/\/opalutz.de\/wordpress\/wp-json\/wp\/v2\/comments?post=272"}],"version-history":[{"count":13,"href":"https:\/\/opalutz.de\/wordpress\/wp-json\/wp\/v2\/pages\/272\/revisions"}],"predecessor-version":[{"id":361,"href":"https:\/\/opalutz.de\/wordpress\/wp-json\/wp\/v2\/pages\/272\/revisions\/361"}],"wp:featuredmedia":[{"embeddable":true,"href":"https:\/\/opalutz.de\/wordpress\/wp-json\/wp\/v2\/media\/453"}],"wp:attachment":[{"href":"https:\/\/opalutz.de\/wordpress\/wp-json\/wp\/v2\/media?parent=272"}],"curies":[{"name":"wp","href":"https:\/\/api.w.org\/{rel}","templated":true}]}}