{"id":28,"date":"2015-02-24T17:00:59","date_gmt":"2015-02-24T17:00:59","guid":{"rendered":"http:\/\/opalutz.de\/wordpress\/?page_id=28"},"modified":"2016-06-06T12:20:13","modified_gmt":"2016-06-06T12:20:13","slug":"startseite","status":"publish","type":"page","link":"https:\/\/opalutz.de\/wordpress\/","title":{"rendered":"Startseite"},"content":{"rendered":"<p>Dies ist eine rein private Seite.<\/p>\n<p>Da geht es um unsere Enkelkinder,\u00a0das Dorf fr\u00fcher und heute, um den Fu\u00dfballverein und alles M\u00f6gl\u00edche. Die Seite ist noch in der Erprobung und kann sich daher laufend ver\u00e4ndern. <strong>Aktuell gibt es<\/strong> eine Unterseite<strong> &#8222;Bild der Woche&#8220;. <\/strong><\/p>\n<p>Wer ein Bild von sich findet, das er nicht ver\u00f6ffentlicht haben m\u00f6chte, einfach melden.<\/p>\n<p><strong>Allemol!<\/strong><br \/>\nOpaLutz<\/p>\n<p><img loading=\"lazy\" decoding=\"async\" class=\"alignnone wp-image-278 size-full\" src=\"https:\/\/opalutz.de\/wordpress\/wp-content\/uploads\/2015\/02\/Laurenziusgickel-1-LM-bunt.jpg\" alt=\"Laurenziusgickel 1 LM bunt\" width=\"800\" height=\"800\" srcset=\"https:\/\/opalutz.de\/wordpress\/wp-content\/uploads\/2015\/02\/Laurenziusgickel-1-LM-bunt.jpg 800w, https:\/\/opalutz.de\/wordpress\/wp-content\/uploads\/2015\/02\/Laurenziusgickel-1-LM-bunt-150x150.jpg 150w, https:\/\/opalutz.de\/wordpress\/wp-content\/uploads\/2015\/02\/Laurenziusgickel-1-LM-bunt-300x300.jpg 300w, https:\/\/opalutz.de\/wordpress\/wp-content\/uploads\/2015\/02\/Laurenziusgickel-1-LM-bunt-768x768.jpg 768w, https:\/\/opalutz.de\/wordpress\/wp-content\/uploads\/2015\/02\/Laurenziusgickel-1-LM-bunt-500x500.jpg 500w\" sizes=\"auto, (max-width: 800px) 100vw, 800px\" \/><\/p>\n<p>&nbsp;<\/p>\n","protected":false},"excerpt":{"rendered":"<p>Dies ist eine rein private Seite. Da geht es um unsere Enkelkinder,\u00a0das Dorf fr\u00fcher und heute, um den Fu\u00dfballverein und alles M\u00f6gl\u00edche. Die Seite ist noch in der Erprobung und kann sich daher laufend ver\u00e4ndern. Aktuell gibt es eine Unterseite &hellip; <a href=\"https:\/\/opalutz.de\/wordpress\/\">Weiterlesen <span class=\"meta-nav\">&rarr;<\/span><\/a><\/p>\n","protected":false},"author":3,"featured_media":101,"parent":0,"menu_order":0,"comment_status":"closed","ping_status":"closed","template":"","meta":{"footnotes":""},"class_list":["post-28","page","type-page","status-publish","has-post-thumbnail","hentry"],"_links":{"self":[{"href":"https:\/\/opalutz.de\/wordpress\/wp-json\/wp\/v2\/pages\/28","targetHints":{"allow":["GET"]}}],"collection":[{"href":"https:\/\/opalutz.de\/wordpress\/wp-json\/wp\/v2\/pages"}],"about":[{"href":"https:\/\/opalutz.de\/wordpress\/wp-json\/wp\/v2\/types\/page"}],"author":[{"embeddable":true,"href":"https:\/\/opalutz.de\/wordpress\/wp-json\/wp\/v2\/users\/3"}],"replies":[{"embeddable":true,"href":"https:\/\/opalutz.de\/wordpress\/wp-json\/wp\/v2\/comments?post=28"}],"version-history":[{"count":32,"href":"https:\/\/opalutz.de\/wordpress\/wp-json\/wp\/v2\/pages\/28\/revisions"}],"predecessor-version":[{"id":443,"href":"https:\/\/opalutz.de\/wordpress\/wp-json\/wp\/v2\/pages\/28\/revisions\/443"}],"wp:featuredmedia":[{"embeddable":true,"href":"https:\/\/opalutz.de\/wordpress\/wp-json\/wp\/v2\/media\/101"}],"wp:attachment":[{"href":"https:\/\/opalutz.de\/wordpress\/wp-json\/wp\/v2\/media?parent=28"}],"curies":[{"name":"wp","href":"https:\/\/api.w.org\/{rel}","templated":true}]}}