{"id":378,"date":"2016-04-06T18:50:46","date_gmt":"2016-04-06T18:50:46","guid":{"rendered":"http:\/\/opalutz.de\/wordpress\/?page_id=378"},"modified":"2016-07-13T17:46:13","modified_gmt":"2016-07-13T17:46:13","slug":"kj-fete-2016","status":"publish","type":"page","link":"https:\/\/opalutz.de\/wordpress\/kirmes-2\/kj-fete-2016\/","title":{"rendered":"KJ F\u00e9te 2016"},"content":{"rendered":"<p>So, hier\u00a0ist nun die Unterseite.<\/p>\n<p>eigentlich wollte ich hier die Bilder der F\u00e9te \u00fcber Passwort zug\u00e4nglich machen, doch Chribu hatte Bedenken wegen &#8222;Recht am eigenen Bild&#8220; Also Bilder wieder raus. Wenn jetzt gerne jemand mal die Gruppenbilder oder speziell Bilder von sich sehen m\u00f6chte, dann hilft nur eine Mail mit der \u00c4u\u00dferung der W\u00fcnsche an: opalutz(at)outlook.de bitte auch Vorname, Name und eine Telefon- oder Handynummer angeben. Werde mich dann bem\u00fchen m\u00f6glichst kurzfristig zu antworten.<\/p>\n<p>Ihr kennt es ja: Unm\u00f6gliches wird sofort erledigt, Wunder dauern etwas l\u00e4nger.<\/p>\n<p>Das Wappen, welches das Original T-Shirt von 1996 zierte habe ich etwas abgewandelt weil mir da zuviel gelb drin war. Einen Screen-Shot davon f\u00fcge ich danach ein. Die Schrift ist jedenfalls Original, nachdem Marius zu mir sagte: &#8222;H\u00e4ttest besser mal mich gefragt. Gut aus seiner Antwort Umbrella, wurde dann Umbra und noch besser, dass ich einen kenne, der soetwas noch hat.<\/p>\n<p>Marius, Dominik und Axel sind derzeit die einzigen\u00a0Emmerichenhainer Aborigenes, die einen Nachdruck des Originals, wenn auch mit falscher Schrift, haben. Alle anderen T-Shirts sind verschollen oder entsorgt worden.<\/p>\n<p>Allemol!<\/p>\n<p>OpaLutz<\/p>\n<p><img loading=\"lazy\" decoding=\"async\" class=\"alignnone wp-image-379 size-full\" src=\"https:\/\/opalutz.de\/wordpress\/wp-content\/uploads\/2016\/04\/Logo_OpaLutz_blaugelb-Umbra-e1459968257772.jpg\" alt=\"kirmes-emmeri\" width=\"1000\" height=\"1393\" \/><\/p>\n<p><img loading=\"lazy\" decoding=\"async\" class=\"alignnone size-full wp-image-409\" src=\"https:\/\/opalutz.de\/wordpress\/wp-content\/uploads\/2016\/04\/vlcsnap-error206-e1461090031344.png\" alt=\"vlcsnap-error206\" width=\"768\" height=\"576\" \/><\/p>\n","protected":false},"excerpt":{"rendered":"<p>So, hier\u00a0ist nun die Unterseite. eigentlich wollte ich hier die Bilder der F\u00e9te \u00fcber Passwort zug\u00e4nglich machen, doch Chribu hatte Bedenken wegen &#8222;Recht am eigenen Bild&#8220; Also Bilder wieder raus. Wenn jetzt gerne jemand mal die Gruppenbilder oder speziell Bilder &hellip; <a href=\"https:\/\/opalutz.de\/wordpress\/kirmes-2\/kj-fete-2016\/\">Weiterlesen <span class=\"meta-nav\">&rarr;<\/span><\/a><\/p>\n","protected":false},"author":3,"featured_media":376,"parent":140,"menu_order":0,"comment_status":"closed","ping_status":"closed","template":"","meta":{"footnotes":""},"class_list":["post-378","page","type-page","status-publish","has-post-thumbnail","hentry"],"_links":{"self":[{"href":"https:\/\/opalutz.de\/wordpress\/wp-json\/wp\/v2\/pages\/378","targetHints":{"allow":["GET"]}}],"collection":[{"href":"https:\/\/opalutz.de\/wordpress\/wp-json\/wp\/v2\/pages"}],"about":[{"href":"https:\/\/opalutz.de\/wordpress\/wp-json\/wp\/v2\/types\/page"}],"author":[{"embeddable":true,"href":"https:\/\/opalutz.de\/wordpress\/wp-json\/wp\/v2\/users\/3"}],"replies":[{"embeddable":true,"href":"https:\/\/opalutz.de\/wordpress\/wp-json\/wp\/v2\/comments?post=378"}],"version-history":[{"count":4,"href":"https:\/\/opalutz.de\/wordpress\/wp-json\/wp\/v2\/pages\/378\/revisions"}],"predecessor-version":[{"id":411,"href":"https:\/\/opalutz.de\/wordpress\/wp-json\/wp\/v2\/pages\/378\/revisions\/411"}],"up":[{"embeddable":true,"href":"https:\/\/opalutz.de\/wordpress\/wp-json\/wp\/v2\/pages\/140"}],"wp:featuredmedia":[{"embeddable":true,"href":"https:\/\/opalutz.de\/wordpress\/wp-json\/wp\/v2\/media\/376"}],"wp:attachment":[{"href":"https:\/\/opalutz.de\/wordpress\/wp-json\/wp\/v2\/media?parent=378"}],"curies":[{"name":"wp","href":"https:\/\/api.w.org\/{rel}","templated":true}]}}