{"id":75,"date":"2015-02-27T07:59:32","date_gmt":"2015-02-27T07:59:32","guid":{"rendered":"http:\/\/opalutz.de\/wordpress\/?page_id=75"},"modified":"2016-02-21T14:23:11","modified_gmt":"2016-02-21T14:23:11","slug":"fussball","status":"publish","type":"page","link":"https:\/\/opalutz.de\/wordpress\/fussball\/","title":{"rendered":"Fu\u00dfball"},"content":{"rendered":"<p>Der F.C. Westerwaldia Emmerichenhain 1915 e.V. feierte am 22.Mai 2015 seinen<br \/>\n100. Geburtstag. Der\u00a0gr\u00f6\u00dfte Fu\u00dfballklub der Welt, der\u00a0FC Bayern M\u00fcnchen, hatte am 27. Februar 2015 seinen 115. Geburtstag. Was haben diese beiden Vereine wohl gemeinsam? Im ersten Moment\u00a0scheinbar nichts, au\u00dfer sie sind\u00a0mind.100 Jahre alt.<br \/>\nWenn man dann mal etwas genauer hinschaut, gibt es mehr Gemeinsamkeiten:<\/p>\n<p>Es gibt 3 Mitglieder die beiden Vereinen angeh\u00f6ren:<br \/>\nBurkhard Ullrich, Thomas Wappmann und ich, OpaLutz. Bei mir sind es 45 Jahre<br \/>\nbeim FCW und 2016 dann 20 Jahre beim FC Bayern.<\/p>\n<p>Au\u00dferdem\u00a0das Gef\u00fchl:<strong> Mia san mia<\/strong>, oder wie es im Westerwald hei\u00dft: <strong>Mir sein mir!<\/strong><\/p>\n<p>Doch es gibt auch Unterschiede:<br \/>\nDer F.C. Westerwaldia Emmerichenhain 1915 e.V. \u00a0hat\u00a01 Gr\u00fcndungsmitglied mehr als der FC Bayern, n\u00e4mlich 18 Gr\u00fcnder und mein Gro\u00dfvater Adolf, damals 14 Jahre alt,\u00a0geh\u00f6rte der Gr\u00fcndungsversammlung an. Darauf bin ich richtig stolz.<\/p>\n<p>Weiter unten sind die entsprechenden Gr\u00fcndungsurkunden abgebildet. Einfach<br \/>\nanklicken und die Galerie \u00f6ffnet sich.<\/p>\n<p>Hier gibt es die Festschrift zum 100. Geburtstag als\u00a0\u00a0\u00a0\u00a0<a href=\"http:\/\/www.opalutz.de\/Flipbook\/Chronik\/book.swf\" target=\"_blank\"><strong>Bl\u00e4tterbares Buch.<\/strong><\/a><br \/>\nIm Laufe der Zeit werde ich noch den ein oder anderen Auszug aus der<br \/>\nChronik hier ver\u00f6ffentlichen.<br \/>\nOpaLutz<\/p>\n<p>&nbsp;<\/p>\n\r\n\t\t<style type='text\/css'>\r\n\t\t\t#gallery-1 {\r\n\t\t\tmargin: auto;\r\n\t\t\t}\r\n\t\t\t#gallery-1 .fg-gallery-item {\r\n\t\t\tfloat: left;\r\n\t\t\tmargin-top: 10px;\r\n\t\t\ttext-align: center;\r\n\t\t\twidth: 33%;\r\n\t\t\t}\r\n\t\t\t#gallery-1 .fg-gallery-caption {\r\n\t\t\tmargin-left: 0;\r\n\t\t\t}\r\n\t\t\t#gallery-1.fastgallery .fg-gallery-caption, \r\n\t\t\t#gallery-1.fastgallery .fg-gallery-caption:hover {\r\n\t\t\t\tbackground-color:rgba( 0 , 0 , 0 , 0.7);\r\n\t\t\t}\r\n\t\t\t#gallery-1.fastgallery.gallery .gallery-icon .fg_zoom a, \r\n\t\t\t#gallery-1.fastgallery.gallery .gallery-icon .fg_zoom a:hover {\r\n\t\t\t\tcolor:#000;\r\n\t\t\t}\r\n\t\t\t#gallery-1.fastgallery.fg_style1 .fg-gallery-caption {\r\n\t\t\t\tcolor:#000;\t\r\n\t\t\t}\r\n\t\t\t#gallery-1.fastgallery.gallery.fg_style2 .gallery-icon .fg_zoom a {\r\n\t\t\t\tbackground:rgba( 0 , 0 , 0 , 0.3);\r\n\t\t\t}\r\n\t\t\t#gallery-1.fastgallery.fg_style2 .fg-gallery-caption {\r\n\t\t\t\tcolor:#000;\t\r\n\t\t\t}\t\t\t\r\n\t\t\t#gallery-1.fastgallery.gallery.fg_style3 .fg_zoom, #gallery-1.fastgallery.gallery.fg_style3 .fg_zoom:hover {\r\n\t\t\t\tbackground:rgba( 0 , 0 , 0 , 0.7);\r\n\t\t\t}\r\n\t\t\t#gallery-1.fastgallery.fg_style3 .fg-gallery-caption {\r\n\t\t\t\tcolor:#000;\t\r\n\t\t\t}\t\t\t\t\r\n\t\t\t#gallery-1.fastgallery.fg_style4 .fg-gallery-caption,\t\t\t\r\n\t\t\t#gallery-1.fastgallery.gallery.fg_style4 .gallery-icon .fg_zoom a, \r\n\t\t\t#gallery-1.fastgallery.gallery.fg_style4 .gallery-icon .fg_zoom a:hover {\r\n\t\t\t\tcolor:#000;\r\n\t\t\t}\r\n\t\t\t#gallery-1.fastgallery.gallery.fg_style4 .gallery-icon .fg_zoom a, \r\n\t\t\t#gallery-1.fastgallery.gallery.fg_style4 .gallery-icon .fg_zoom a:hover\t{\r\n\t\t\t\tbackground:rgba( 0 , 0 , 0 , 0.7);\r\n\t\t\t}\t\t\t\r\n\t\t\t#gallery-1.fastgallery.gallery.fg_style5 .gallery-icon .fg_zoom a, \r\n\t\t\t#gallery-1.fastgallery.gallery.fg_style5 .gallery-icon .fg_zoom a:hover\t{\r\n\t\t\t\tcolor:#000;\r\n\t\t\t\tbackground-color:rgba( 0 , 0 , 0 , 0.7);\r\n\t\t\t}\t\t\t\t\t\r\n\t\t\t#gallery-1.fastgallery.gallery.fg_style6 .gallery-icon .fg_zoom a,\r\n\t\t\t#gallery-1.fastgallery.gallery.fg_style6 .gallery-icon .fg_zoom a:hover {\r\n\t\t\t\tcolor:#000;\r\n\t\t\t\tbackground:rgba( 0 , 0 , 0 , 0.7);\t\t\t\t\r\n\t\t\t}\r\n\t\t\r\n\t\t\t#gallery-1.fastgallery.fg_style6 .fg-gallery-caption {\r\n\t\t\t\tcolor:#000;\t\r\n\t\t\t}\r\n\t\t\t#gallery-1.fastgallery.gallery.fg_style7 .gallery-icon .fg_zoom a,\r\n\t\t\t#gallery-1.fastgallery.gallery.fg_style7 .gallery-icon .fg_zoom a:hover {\r\n\t\t\t\tcolor:#000;\r\n\t\t\t\tbackground:rgba( 0 , 0 , 0 , 0.7);\t\t\t\t\r\n\t\t\t}\t\t\r\n\t\t\t#gallery-1.fastgallery.fg_style7 .fg-gallery-caption {\r\n\t\t\t\tcolor:#000;\t\r\n\t\t\t}\r\n\t\t\t\r\n\t\t\t#gallery-1.fastgallery.gallery.fg_style8 .gallery-icon .fg_zoom a,\r\n\t\t\t#gallery-1.fastgallery.gallery.fg_style8 .gallery-icon .fg_zoom a:hover {\r\n\t\t\t\tcolor:#000;\r\n\t\t\t\tbackground:rgba( 0 , 0 , 0 , 0.7);\t\t\t\t\r\n\t\t\t}\r\n\t\t\r\n\t\t\t#gallery-1.fastgallery.fg_style8 .fg-gallery-caption {\r\n\t\t\t\tcolor:#000;\t\r\n\t\t\t}\r\n\t\t\t\r\n\t\t\t#gallery-1.fastgallery.gallery.fg_style9 .gallery-icon .fg_zoom a,\r\n\t\t\t#gallery-1.fastgallery.gallery.fg_style9 .gallery-icon .fg_zoom a:hover {\r\n\t\t\t\tcolor:#000;\r\n\t\t\t\tbackground:rgba( 0 , 0 , 0 , 0.7);\t\t\t\t\r\n\t\t\t}\t\t\r\n\t\t\t#gallery-1.fastgallery.fg_style9 .fg-gallery-caption {\r\n\t\t\t\tcolor:#000;\t\r\n\t\t\t}\r\n\t\t\t\r\n\t\t\t#gallery-1.fastgallery.gallery.fg_style10 .gallery-icon .fg_zoom a,\r\n\t\t\t#gallery-1.fastgallery.gallery.fg_style10 .gallery-icon .fg_zoom a:hover {\r\n\t\t\t\tcolor:#000;\r\n\t\t\t\tbackground:rgba( 0 , 0 , 0 , 0.7);\t\t\t\t\r\n\t\t\t}\t\t\r\n\t\t\t#gallery-1.fastgallery.fg_style10 .fg-gallery-caption {\r\n\t\t\t\tcolor:#000;\t\r\n\t\t\t}\r\n\t\t\t\/* FOTORAMA *\/\r\n\t\t\t#gallery-1.fastgallery.fotorama.fg_style1 .fotorama__thumb-border {\r\n\t\t\t\tborder-color:rgba( 0 , 0 , 0 , 0.7);\r\n\t\t\t}\r\n\t\t\t#gallery-1.fastgallery.fotorama.fg_style1 .fotorama__html > div {\r\n\t\t\t\tbackground:rgba( 0 , 0 , 0 , 0.7);\r\n\t\t\t\tcolor:#000;\r\n\t\t\t}\r\n\t\t\t#gallery-1.fastgallery.fotorama.fg_style2 .fotorama__thumb-border {\r\n\t\t\t\tborder-color:rgba( 0 , 0 , 0 , 0.7);\r\n\t\t\t}\r\n\t\t\t#gallery-1.fastgallery.fotorama.fg_style2 .fotorama__html > div {\r\n\t\t\t\tbackground:rgba( 0 , 0 , 0 , 0.7);\r\n\t\t\t\tcolor:#000;\r\n\t\t\t}\r\n\t\t\t#gallery-1.fastgallery.fotorama.fg_style3 .fotorama__thumb-border {\r\n\t\t\t\tborder-color:rgba( 0 , 0 , 0 , 0.7);\r\n\t\t\t}\t\t\t\t\t\t\r\n\t\t\t#gallery-1.fastgallery.fotorama.fg_style3 .fotorama__html > div {\r\n\t\t\t\tcolor:#000;\r\n\t\t\t}\r\n\t\t\t#gallery-1.fastgallery.fotorama.fg_style4 .fotorama__thumb-border {\r\n\t\t\t\tborder-color:rgba( 0 , 0 , 0 , 0.7);\r\n\t\t\t}\t\t\t\t\t\t\r\n\t\t\t#gallery-1.fastgallery.fotorama.fg_style4 .fotorama__html > div {\r\n\t\t\t\tcolor:#000;\r\n\t\t\t}\r\n\t\t\t#gallery-1.fastgallery.fotorama.fg_style5 .fotorama__thumb-border {\r\n\t\t\t\tborder-color:rgba( 0 , 0 , 0 , 0.7);\r\n\t\t\t\tbackground:rgba( 0 , 0 , 0 , 0.7);\r\n\t\t\t}\t\t\t\t\t\t\r\n\t\t\t#gallery-1.fastgallery.fotorama.fg_style5 .fotorama__html > div {\r\n\t\t\t\tcolor:#000;\r\n\t\t\t}\r\n\t\t\t#gallery-1.fastgallery.fotorama.fg_style6 .fotorama__thumb-border {\r\n\t\t\t\tborder-color:rgba( 0 , 0 , 0 , 0.7);\r\n\t\t\t\tbackground:rgba( 0 , 0 , 0 , 0.7);\r\n\t\t\t}\t\t\t\t\t\t\r\n\t\t\t#gallery-1.fastgallery.fotorama.fg_style6 .fotorama__html > div {\r\n\t\t\t\tcolor:#000;\r\n\t\t\t}\r\n\t\t\t#gallery-1.fastgallery.fotorama.fg_style7 .fotorama__thumb-border {\r\n\t\t\t\tborder-color:rgba( 0 , 0 , 0 , 0.7);\r\n\t\t\t\tbackground:rgba( 0 , 0 , 0 , 0.7);\r\n\t\t\t}\t\t\t\t\t\t\r\n\t\t\t#gallery-1.fastgallery.fotorama.fg_style7 .fotorama__html > div {\r\n\t\t\t\tcolor:#000;\r\n\t\t\t\tbackground:rgba( 0 , 0 , 0 , 0.7);\r\n\t\t\t}\r\n\t\t\t#gallery-1.fastgallery.fotorama.fg_style8 .fotorama__thumb-border {\r\n\t\t\t\tborder-color:rgba( 0 , 0 , 0 , 0.7);\r\n\t\t\t\tbackground:rgba( 0 , 0 , 0 , 0.7);\r\n\t\t\t}\t\t\t\t\t\t\r\n\t\t\t#gallery-1.fastgallery.fotorama.fg_style8 .fotorama__html > div {\r\n\t\t\t\tcolor:#000;\r\n\t\t\t\tbackground:rgba( 0 , 0 , 0 , 0.7);\r\n\t\t\t}\r\n\t\t\t#gallery-1.fastgallery.fotorama.fg_style9 .fotorama__thumb-border {\r\n\t\t\t\tborder-color:rgba( 0 , 0 , 0 , 0.7);\r\n\t\t\t\tbackground:rgba( 0 , 0 , 0 , 0.7);\r\n\t\t\t}\t\t\t\t\t\t\r\n\t\t\t#gallery-1.fastgallery.fotorama.fg_style9 .fotorama__html > div {\r\n\t\t\t\tcolor:#000;\r\n\t\t\t\tbackground:rgba( 0 , 0 , 0 , 0.7);\r\n\t\t\t}\r\n\t\t\t#gallery-1.fastgallery.fotorama.fg_style10 .fotorama__thumb-border {\r\n\t\t\t\tborder-color:rgba( 0 , 0 , 0 , 0.7);\r\n\t\t\t\tbackground:rgba( 0 , 0 , 0 , 0.7);\r\n\t\t\t}\t\t\t\t\t\t\r\n\t\t\t#gallery-1.fastgallery.fotorama.fg_style10 .fotorama__html > div {\r\n\t\t\t\tcolor:#000;\r\n\t\t\t\tbackground:rgba( 0 , 0 , 0 , 0.7);\r\n\t\t\t}\r\n\t\t\t\/* THUMBS ONE ON *\/\r\n\t\t\t#gallery-1.fastgallery.fg_thumbs_one .fg-gallery-item {\r\n\t\t\t\tdisplay:none;\r\n\t\t\t}\r\n\t\t\t#gallery-1.fastgallery.fg_thumbs_one .fg-gallery-item:first-child {\r\n\t\t\t\tdisplay:block;\r\n\t\t\t}\r\n\t\t\t#gallery-1.fastgallery.fg_thumbs_one {\r\n\t\t\t\twidth:auto!important;\r\n\t\t\t}\r\n\t\t\/* see gallery_shortcode() in wp-includes\/media.php *\/\r\n\t\t<\/style>\n\t\t<script type=\"text\/javascript\">\r\n\t\tjQuery(function($){\r\n\t\t\t$('#gallery-1.fastgallery').fotorama({\r\n\t\t\t  \twidth: '100%',\r\n\t\t\t  \tmaxwidth: '100%', \t\t\t  \r\n\t\t\t\tautoplay: 'true',nav: 'thumbs',navposition: 'bottom',\r\n\t\t\t\tallowfullscreen: 'true',\r\n\t\t\t\ttransition: 'slide',\r\n\t\t\t\tarrow: 'true',\r\n\t\t\t\tfit: 'contain',\r\n\t\t\t\tloop: 'true'\t\t\t  \r\n\t\t\t});\r\n\t\t});\r\n\t\t<\/script>\n\t\t<div id='gallery-1' class='fastgallery fg_style5'><div data-img=\"https:\/\/opalutz.de\/wordpress\/wp-content\/uploads\/2015\/02\/Gr\u00fcndung-FC-Bayern-e1427130185294.jpg\">Gr\u00fcndungsurkunde FC Bayern<\/div><div data-img=\"https:\/\/opalutz.de\/wordpress\/wp-content\/uploads\/2015\/02\/Gr\u00fcndungsurkunde-Teil-1-500x625.jpg\">Gr\u00fcndungsurkunde FCW - Teil 1<\/div><div data-img=\"https:\/\/opalutz.de\/wordpress\/wp-content\/uploads\/2015\/02\/Gr\u00fcndungsurkunde-Teil-2-500x629.jpg\">Gr\u00fcndungsurkunde FCW - Teil 2<\/div><div style=\"clear:both\"><\/div>\r\n\t\t<\/div>\n\n<p>&nbsp;<\/p>\n<p>&nbsp;<\/p>\n","protected":false},"excerpt":{"rendered":"<p>Der F.C. Westerwaldia Emmerichenhain 1915 e.V. feierte am 22.Mai 2015 seinen 100. Geburtstag. Der\u00a0gr\u00f6\u00dfte Fu\u00dfballklub der Welt, der\u00a0FC Bayern M\u00fcnchen, hatte am 27. Februar 2015 seinen 115. Geburtstag. Was haben diese beiden Vereine wohl gemeinsam? Im ersten Moment\u00a0scheinbar nichts, au\u00dfer &hellip; <a href=\"https:\/\/opalutz.de\/wordpress\/fussball\/\">Weiterlesen <span class=\"meta-nav\">&rarr;<\/span><\/a><\/p>\n","protected":false},"author":3,"featured_media":105,"parent":0,"menu_order":0,"comment_status":"closed","ping_status":"closed","template":"","meta":{"footnotes":""},"class_list":["post-75","page","type-page","status-publish","has-post-thumbnail","hentry"],"_links":{"self":[{"href":"https:\/\/opalutz.de\/wordpress\/wp-json\/wp\/v2\/pages\/75","targetHints":{"allow":["GET"]}}],"collection":[{"href":"https:\/\/opalutz.de\/wordpress\/wp-json\/wp\/v2\/pages"}],"about":[{"href":"https:\/\/opalutz.de\/wordpress\/wp-json\/wp\/v2\/types\/page"}],"author":[{"embeddable":true,"href":"https:\/\/opalutz.de\/wordpress\/wp-json\/wp\/v2\/users\/3"}],"replies":[{"embeddable":true,"href":"https:\/\/opalutz.de\/wordpress\/wp-json\/wp\/v2\/comments?post=75"}],"version-history":[{"count":35,"href":"https:\/\/opalutz.de\/wordpress\/wp-json\/wp\/v2\/pages\/75\/revisions"}],"predecessor-version":[{"id":270,"href":"https:\/\/opalutz.de\/wordpress\/wp-json\/wp\/v2\/pages\/75\/revisions\/270"}],"wp:featuredmedia":[{"embeddable":true,"href":"https:\/\/opalutz.de\/wordpress\/wp-json\/wp\/v2\/media\/105"}],"wp:attachment":[{"href":"https:\/\/opalutz.de\/wordpress\/wp-json\/wp\/v2\/media?parent=75"}],"curies":[{"name":"wp","href":"https:\/\/api.w.org\/{rel}","templated":true}]}}